{"id":832,"date":"2025-12-16T19:45:31","date_gmt":"2025-12-16T19:45:31","guid":{"rendered":"https:\/\/itxasoterceno.com\/?page_id=832"},"modified":"2026-04-12T15:16:12","modified_gmt":"2026-04-12T15:16:12","slug":"blog","status":"publish","type":"page","link":"https:\/\/itxasoterceno.com\/index.php\/blog\/","title":{"rendered":"Cuaderno abierto"},"content":{"rendered":"\t\t<div data-elementor-type=\"wp-page\" data-elementor-id=\"832\" class=\"elementor elementor-832\">\n\t\t\t\t<div class=\"elementor-element elementor-element-2f1abf4 e-flex e-con-boxed e-con e-parent\" data-id=\"2f1abf4\" data-element_type=\"container\" data-e-type=\"container\">\n\t\t\t\t\t<div class=\"e-con-inner\">\n\t\t\t\t<div class=\"elementor-element elementor-element-738c6b4 elementor-widget elementor-widget-spacer\" data-id=\"738c6b4\" data-element_type=\"widget\" data-e-type=\"widget\" data-widget_type=\"spacer.default\">\n\t\t\t\t\t\t\t<div class=\"elementor-spacer\">\n\t\t\t<div class=\"elementor-spacer-inner\"><\/div>\n\t\t<\/div>\n\t\t\t\t\t\t<\/div>\n\t\t\t\t<div class=\"elementor-element elementor-element-ec6f48c elementor-widget__width-initial elementor-widget elementor-widget-heading\" data-id=\"ec6f48c\" data-element_type=\"widget\" data-e-type=\"widget\" data-widget_type=\"heading.default\">\n\t\t\t\t\t<h2 class=\"elementor-heading-title elementor-size-default\">Cuaderno abierto<\/h2>\t\t\t\t<\/div>\n\t\t\t\t<div class=\"elementor-element elementor-element-ca27507 elementor-widget elementor-widget-text-editor\" data-id=\"ca27507\" data-element_type=\"widget\" data-e-type=\"widget\" data-widget_type=\"text-editor.default\">\n\t\t\t\t\t\t\t\t\t<p style=\"text-align: center;\"><span style=\"color: #333333;\">EL BLOG DE ITXA \u270d\ufe0e<\/span><\/p>\t\t\t\t\t\t\t\t<\/div>\n\t\t\t\t<div class=\"elementor-element elementor-element-931b686 elementor-widget elementor-widget-spacer\" data-id=\"931b686\" data-element_type=\"widget\" data-e-type=\"widget\" data-widget_type=\"spacer.default\">\n\t\t\t\t\t\t\t<div class=\"elementor-spacer\">\n\t\t\t<div class=\"elementor-spacer-inner\"><\/div>\n\t\t<\/div>\n\t\t\t\t\t\t<\/div>\n\t\t\t\t<div class=\"elementor-element elementor-element-9a1f597 elementor-widget elementor-widget-text-editor\" data-id=\"9a1f597\" data-element_type=\"widget\" data-e-type=\"widget\" data-widget_type=\"text-editor.default\">\n\t\t\t\t\t\t\t\t\t<p style=\"text-align: center;\"><span style=\"color: #333333;\">Este es mi cuaderno \u00edntimo.\u00a0<\/span><\/p><p style=\"text-align: center;\"><span style=\"color: #333333;\">Y p\u00fablico.\u00a0<\/span><\/p><p style=\"text-align: center;\"><span style=\"color: #333333;\">La parte de mis escritos que dejo expuesta,\u00a0<\/span><\/p><p style=\"text-align: center;\"><span style=\"color: #333333;\">a riesgo de ser juzgada,\u00a0<\/span><\/p><p style=\"text-align: center;\"><span style=\"color: #333333;\">incomprendida,\u00a0<\/span><\/p><p style=\"text-align: center;\"><span style=\"color: #333333;\">malinterpretada&#8230;\u00a0<\/span><\/p><p style=\"text-align: center;\"><span style=\"color: #333333;\">\u00a0<\/span><\/p><p style=\"text-align: center;\"><span style=\"color: #333333;\">Tambi\u00e9n corro el riesgo de lamer una herida,\u00a0<\/span><\/p><p style=\"text-align: center;\"><span style=\"color: #333333;\">dar un abrazo,\u00a0<\/span><\/p><p style=\"text-align: center;\"><span style=\"color: #333333;\">y encender una velita en un rinc\u00f3n demasiado oscuro.\u00a0<\/span><\/p><p style=\"text-align: center;\"><span style=\"color: #333333;\">\u00a0<\/span><\/p><p style=\"text-align: center;\"><span style=\"color: #333333;\">S\u00ed, el miedo a exponerme sigue estando.\u00a0<\/span><\/p><p style=\"text-align: center;\"><span style=\"color: #333333;\">Pero no tengo mucho real que perder.\u00a0<\/span><\/p><p style=\"text-align: center;\"><span style=\"color: #333333;\">\u00a0<\/span><\/p><p style=\"text-align: center;\"><span style=\"color: #333333;\">La mayor parte del valor que contienen estas palabras\u00a0<\/span><\/p><p style=\"text-align: center;\"><span style=\"color: #333333;\">ya est\u00e1 protegido dentro de mi piel.\u00a0<\/span><\/p>\t\t\t\t\t\t\t\t<\/div>\n\t\t\t\t<div class=\"elementor-element elementor-element-5230fbb elementor-widget elementor-widget-spacer\" data-id=\"5230fbb\" data-element_type=\"widget\" data-e-type=\"widget\" data-widget_type=\"spacer.default\">\n\t\t\t\t\t\t\t<div class=\"elementor-spacer\">\n\t\t\t<div class=\"elementor-spacer-inner\"><\/div>\n\t\t<\/div>\n\t\t\t\t\t\t<\/div>\n\t\t<div class=\"elementor-element elementor-element-9fe6ee4 e-con-full e-flex e-con e-child\" data-id=\"9fe6ee4\" data-element_type=\"container\" data-e-type=\"container\">\n\t\t\t\t<div class=\"elementor-element elementor-element-1ee16f6 elementor-widget elementor-widget-eael-post-timeline\" data-id=\"1ee16f6\" data-element_type=\"widget\" data-e-type=\"widget\" data-widget_type=\"eael-post-timeline.default\">\n\t\t\t\t\t<div id=\"eael-post-timeline-1ee16f6\" class=\"eael-post-timeline timeline-layout-card eael-post-timeline-arrow-top\">\n            <div class=\"eael-post-timeline eael-post-appender eael-post-appender-1ee16f6\"><article class=\"eael-timeline-post\">\n    <div class=\"eael-timeline-bullet\"><\/div>\n    <div class=\"eael-timeline-post-inner\">\n        <a class=\"eael-timeline-post-link\" href=\"https:\/\/itxasoterceno.com\/index.php\/2026\/02\/23\/saludmentalyescrituraterapeutica\/\" title=\"Salud mental y escritura terap\u00e9utica, una experiencia que necesita ser contada\">\n            <time datetime=\"23 de febrero de 2026\">23 de febrero de 2026<\/time>\n            <div class=\"eael-timeline-content\"><div class=\"eael-timeline-post-title\">\n\t\t                    <h2 class=\"eael-timeline-post-title-text\">Salud mental y escritura terap\u00e9utica, una experiencia que necesita ser contada<\/h2>\n\t\t                <\/div><div class=\"eael-timeline-post-excerpt\"><p>Por fin.&nbsp; He estado muchos a\u00f1os so\u00f1ado con...<\/p><\/div><\/div><\/a>\n    <\/div>\n    <div class=\"eael-timeline-clear\"><\/div>\n<\/article><article class=\"eael-timeline-post\">\n    <div class=\"eael-timeline-bullet\"><\/div>\n    <div class=\"eael-timeline-post-inner\">\n        <a class=\"eael-timeline-post-link\" href=\"https:\/\/itxasoterceno.com\/index.php\/2026\/01\/16\/la-loca\/\" title=\"La loca\">\n            <time datetime=\"16 de enero de 2026\">16 de enero de 2026<\/time>\n            <div class=\"eael-timeline-content\"><div class=\"eael-timeline-post-title\">\n\t\t                    <h2 class=\"eael-timeline-post-title-text\">La loca<\/h2>\n\t\t                <\/div><div class=\"eael-timeline-post-excerpt\"><p>&nbsp; La loca como arquetipo.&nbsp; Tambi\u00e9n como etiqueta...<\/p><\/div><\/div><\/a>\n    <\/div>\n    <div class=\"eael-timeline-clear\"><\/div>\n<\/article><article class=\"eael-timeline-post\">\n    <div class=\"eael-timeline-bullet\"><\/div>\n    <div class=\"eael-timeline-post-inner\">\n        <a class=\"eael-timeline-post-link\" href=\"https:\/\/itxasoterceno.com\/index.php\/2026\/01\/14\/la-mujer-del-pelo-largo\/\" title=\"La mujer del pelo largo\">\n            <time datetime=\"14 de enero de 2026\">14 de enero de 2026<\/time>\n            <div class=\"eael-timeline-content\"><div class=\"eael-timeline-post-title\">\n\t\t                    <h2 class=\"eael-timeline-post-title-text\">La mujer del pelo largo<\/h2>\n\t\t                <\/div><div class=\"eael-timeline-post-excerpt\"><p>Hab\u00eda llegado el momento de conocerse m\u00e1s a...<\/p><\/div><\/div><\/a>\n    <\/div>\n    <div class=\"eael-timeline-clear\"><\/div>\n<\/article><\/div>\n\t\t<\/div>\t\t\t\t<\/div>\n\t\t\t\t<div class=\"elementor-element elementor-element-fa2f3dc elementor-widget elementor-widget-spacer\" data-id=\"fa2f3dc\" data-element_type=\"widget\" data-e-type=\"widget\" data-widget_type=\"spacer.default\">\n\t\t\t\t\t\t\t<div class=\"elementor-spacer\">\n\t\t\t<div class=\"elementor-spacer-inner\"><\/div>\n\t\t<\/div>\n\t\t\t\t\t\t<\/div>\n\t\t<div class=\"elementor-element elementor-element-63c290a e-con-full e-flex e-con e-child\" data-id=\"63c290a\" data-element_type=\"container\" data-e-type=\"container\">\n\t\t\t\t<div class=\"elementor-element elementor-element-09b861c elementor-invisible elementor-widget elementor-widget-text-editor\" data-id=\"09b861c\" data-element_type=\"widget\" data-e-type=\"widget\" data-settings=\"{&quot;_animation&quot;:&quot;fadeInLeft&quot;}\" data-widget_type=\"text-editor.default\">\n\t\t\t\t\t\t\t\t\t<p><i>\u00a9 2025 Itxaso Terce\u00f1o. Todos los derechos reservados.<\/i><\/p>\n<p><i>\u00c9ste y los dem\u00e1s textos de este blog, <\/i>Cuaderno abierto<i>, son propiedad de Itxaso Terce\u00f1o.&nbsp;<\/i><em><span style=\"font-weight: inherit; color: var( --e-global-color-secondary ); text-align: var(--text-align);\">Es imprescindible contactar con la autora en info@itxasoterceno.com para solicitar el hacer uso de cualquiera de los textos de este blog, uso o reproducci\u00f3n que deber\u00e1 ser autorizado por la misma. Gracias por tu respeto y colaboraci\u00f3n.&nbsp;<\/span><\/em><\/p>\t\t\t\t\t\t\t\t<\/div>\n\t\t\t\t<\/div>\n\t\t<div class=\"elementor-element elementor-element-11aeb78 e-con-full e-flex e-con e-child\" data-id=\"11aeb78\" data-element_type=\"container\" data-e-type=\"container\">\n\t\t\t\t<div class=\"elementor-element elementor-element-47c4d00 elementor-shape-circle elementor-grid-0 e-grid-align-center elementor-widget elementor-widget-social-icons\" data-id=\"47c4d00\" data-element_type=\"widget\" data-e-type=\"widget\" data-widget_type=\"social-icons.default\">\n\t\t\t\t\t\t\t<div class=\"elementor-social-icons-wrapper elementor-grid\" role=\"list\">\n\t\t\t\t\t\t\t<span class=\"elementor-grid-item\" role=\"listitem\">\n\t\t\t\t\t<a class=\"elementor-icon elementor-social-icon elementor-social-icon-instagram elementor-repeater-item-44949d6\" href=\"https:\/\/www.instagram.com\/itxasoterceno\/\" target=\"_blank\">\n\t\t\t\t\t\t<span class=\"elementor-screen-only\">Instagram<\/span>\n\t\t\t\t\t\t<svg aria-hidden=\"true\" class=\"e-font-icon-svg e-fab-instagram\" viewBox=\"0 0 448 512\" xmlns=\"http:\/\/www.w3.org\/2000\/svg\"><path d=\"M224.1 141c-63.6 0-114.9 51.3-114.9 114.9s51.3 114.9 114.9 114.9S339 319.5 339 255.9 287.7 141 224.1 141zm0 189.6c-41.1 0-74.7-33.5-74.7-74.7s33.5-74.7 74.7-74.7 74.7 33.5 74.7 74.7-33.6 74.7-74.7 74.7zm146.4-194.3c0 14.9-12 26.8-26.8 26.8-14.9 0-26.8-12-26.8-26.8s12-26.8 26.8-26.8 26.8 12 26.8 26.8zm76.1 27.2c-1.7-35.9-9.9-67.7-36.2-93.9-26.2-26.2-58-34.4-93.9-36.2-37-2.1-147.9-2.1-184.9 0-35.8 1.7-67.6 9.9-93.9 36.1s-34.4 58-36.2 93.9c-2.1 37-2.1 147.9 0 184.9 1.7 35.9 9.9 67.7 36.2 93.9s58 34.4 93.9 36.2c37 2.1 147.9 2.1 184.9 0 35.9-1.7 67.7-9.9 93.9-36.2 26.2-26.2 34.4-58 36.2-93.9 2.1-37 2.1-147.8 0-184.8zM398.8 388c-7.8 19.6-22.9 34.7-42.6 42.6-29.5 11.7-99.5 9-132.1 9s-102.7 2.6-132.1-9c-19.6-7.8-34.7-22.9-42.6-42.6-11.7-29.5-9-99.5-9-132.1s-2.6-102.7 9-132.1c7.8-19.6 22.9-34.7 42.6-42.6 29.5-11.7 99.5-9 132.1-9s102.7-2.6 132.1 9c19.6 7.8 34.7 22.9 42.6 42.6 11.7 29.5 9 99.5 9 132.1s2.7 102.7-9 132.1z\"><\/path><\/svg>\t\t\t\t\t<\/a>\n\t\t\t\t<\/span>\n\t\t\t\t\t\t\t<span class=\"elementor-grid-item\" role=\"listitem\">\n\t\t\t\t\t<a class=\"elementor-icon elementor-social-icon elementor-social-icon-amazon elementor-repeater-item-ac33248\" href=\"https:\/\/www.amazon.es\/dp\/8409701049\" target=\"_blank\">\n\t\t\t\t\t\t<span class=\"elementor-screen-only\">Amazon<\/span>\n\t\t\t\t\t\t<svg aria-hidden=\"true\" class=\"e-font-icon-svg e-fab-amazon\" viewBox=\"0 0 448 512\" xmlns=\"http:\/\/www.w3.org\/2000\/svg\"><path d=\"M257.2 162.7c-48.7 1.8-169.5 15.5-169.5 117.5 0 109.5 138.3 114 183.5 43.2 6.5 10.2 35.4 37.5 45.3 46.8l56.8-56S341 288.9 341 261.4V114.3C341 89 316.5 32 228.7 32 140.7 32 94 87 94 136.3l73.5 6.8c16.3-49.5 54.2-49.5 54.2-49.5 40.7-.1 35.5 29.8 35.5 69.1zm0 86.8c0 80-84.2 68-84.2 17.2 0-47.2 50.5-56.7 84.2-57.8v40.6zm136 163.5c-7.7 10-70 67-174.5 67S34.2 408.5 9.7 379c-6.8-7.7 1-11.3 5.5-8.3C88.5 415.2 203 488.5 387.7 401c7.5-3.7 13.3 2 5.5 12zm39.8 2.2c-6.5 15.8-16 26.8-21.2 31-5.5 4.5-9.5 2.7-6.5-3.8s19.3-46.5 12.7-55c-6.5-8.3-37-4.3-48-3.2-10.8 1-13 2-14-.3-2.3-5.7 21.7-15.5 37.5-17.5 15.7-1.8 41-.8 46 5.7 3.7 5.1 0 27.1-6.5 43.1z\"><\/path><\/svg>\t\t\t\t\t<\/a>\n\t\t\t\t<\/span>\n\t\t\t\t\t\t\t<span class=\"elementor-grid-item\" role=\"listitem\">\n\t\t\t\t\t<a class=\"elementor-icon elementor-social-icon elementor-social-icon-youtube elementor-repeater-item-796c036\" href=\"https:\/\/www.youtube.com\/@itxasoterceno\" target=\"_blank\">\n\t\t\t\t\t\t<span class=\"elementor-screen-only\">Youtube<\/span>\n\t\t\t\t\t\t<svg aria-hidden=\"true\" class=\"e-font-icon-svg e-fab-youtube\" viewBox=\"0 0 576 512\" xmlns=\"http:\/\/www.w3.org\/2000\/svg\"><path d=\"M549.655 124.083c-6.281-23.65-24.787-42.276-48.284-48.597C458.781 64 288 64 288 64S117.22 64 74.629 75.486c-23.497 6.322-42.003 24.947-48.284 48.597-11.412 42.867-11.412 132.305-11.412 132.305s0 89.438 11.412 132.305c6.281 23.65 24.787 41.5 48.284 47.821C117.22 448 288 448 288 448s170.78 0 213.371-11.486c23.497-6.321 42.003-24.171 48.284-47.821 11.412-42.867 11.412-132.305 11.412-132.305s0-89.438-11.412-132.305zm-317.51 213.508V175.185l142.739 81.205-142.739 81.201z\"><\/path><\/svg>\t\t\t\t\t<\/a>\n\t\t\t\t<\/span>\n\t\t\t\t\t<\/div>\n\t\t\t\t\t\t<\/div>\n\t\t\t\t<\/div>\n\t\t\t\t<\/div>\n\t\t\t\t\t<\/div>\n\t\t\t\t<\/div>\n\t\t\t\t<\/div>\n\t\t","protected":false},"excerpt":{"rendered":"<p>Cuaderno abierto EL BLOG DE ITXA \u270d\ufe0e Este es mi cuaderno \u00edntimo.\u00a0 Y p\u00fablico.\u00a0 La parte de mis escritos que [&hellip;]<\/p>\n","protected":false},"author":1,"featured_media":0,"parent":0,"menu_order":0,"comment_status":"closed","ping_status":"closed","template":"","meta":{"site-sidebar-layout":"no-sidebar","site-content-layout":"","ast-site-content-layout":"full-width-container","site-content-style":"default","site-sidebar-style":"default","ast-global-header-display":"","ast-banner-title-visibility":"","ast-main-header-display":"","ast-hfb-above-header-display":"","ast-hfb-below-header-display":"","ast-hfb-mobile-header-display":"","site-post-title":"disabled","ast-breadcrumbs-content":"","ast-featured-img":"disabled","footer-sml-layout":"","theme-transparent-header-meta":"","adv-header-id-meta":"","stick-header-meta":"","header-above-stick-meta":"","header-main-stick-meta":"","header-below-stick-meta":"","astra-migrate-meta-layouts":"default","ast-page-background-enabled":"default","ast-page-background-meta":{"desktop":{"background-color":"var(--ast-global-color-5)","background-image":"","background-repeat":"repeat","background-position":"center center","background-size":"auto","background-attachment":"scroll","background-type":"","background-media":"","overlay-type":"","overlay-color":"","overlay-opacity":"","overlay-gradient":""},"tablet":{"background-color":"","background-image":"","background-repeat":"repeat","background-position":"center center","background-size":"auto","background-attachment":"scroll","background-type":"","background-media":"","overlay-type":"","overlay-color":"","overlay-opacity":"","overlay-gradient":""},"mobile":{"background-color":"","background-image":"","background-repeat":"repeat","background-position":"center center","background-size":"auto","background-attachment":"scroll","background-type":"","background-media":"","overlay-type":"","overlay-color":"","overlay-opacity":"","overlay-gradient":""}},"ast-content-background-meta":{"desktop":{"background-color":"var(--ast-global-color-4)","background-image":"","background-repeat":"repeat","background-position":"center center","background-size":"auto","background-attachment":"scroll","background-type":"","background-media":"","overlay-type":"","overlay-color":"","overlay-opacity":"","overlay-gradient":""},"tablet":{"background-color":"var(--ast-global-color-4)","background-image":"","background-repeat":"repeat","background-position":"center center","background-size":"auto","background-attachment":"scroll","background-type":"","background-media":"","overlay-type":"","overlay-color":"","overlay-opacity":"","overlay-gradient":""},"mobile":{"background-color":"var(--ast-global-color-4)","background-image":"","background-repeat":"repeat","background-position":"center center","background-size":"auto","background-attachment":"scroll","background-type":"","background-media":"","overlay-type":"","overlay-color":"","overlay-opacity":"","overlay-gradient":""}},"footnotes":""},"class_list":["post-832","page","type-page","status-publish","hentry"],"_links":{"self":[{"href":"https:\/\/itxasoterceno.com\/index.php\/wp-json\/wp\/v2\/pages\/832","targetHints":{"allow":["GET"]}}],"collection":[{"href":"https:\/\/itxasoterceno.com\/index.php\/wp-json\/wp\/v2\/pages"}],"about":[{"href":"https:\/\/itxasoterceno.com\/index.php\/wp-json\/wp\/v2\/types\/page"}],"author":[{"embeddable":true,"href":"https:\/\/itxasoterceno.com\/index.php\/wp-json\/wp\/v2\/users\/1"}],"replies":[{"embeddable":true,"href":"https:\/\/itxasoterceno.com\/index.php\/wp-json\/wp\/v2\/comments?post=832"}],"version-history":[{"count":89,"href":"https:\/\/itxasoterceno.com\/index.php\/wp-json\/wp\/v2\/pages\/832\/revisions"}],"predecessor-version":[{"id":1329,"href":"https:\/\/itxasoterceno.com\/index.php\/wp-json\/wp\/v2\/pages\/832\/revisions\/1329"}],"wp:attachment":[{"href":"https:\/\/itxasoterceno.com\/index.php\/wp-json\/wp\/v2\/media?parent=832"}],"curies":[{"name":"wp","href":"https:\/\/api.w.org\/{rel}","templated":true}]}}