{"id":648,"date":"2025-11-20T15:45:13","date_gmt":"2025-11-20T15:45:13","guid":{"rendered":"https:\/\/itxasoterceno.com\/?page_id=648"},"modified":"2026-04-12T15:21:30","modified_gmt":"2026-04-12T15:21:30","slug":"quien-es-itxa","status":"publish","type":"page","link":"https:\/\/itxasoterceno.com\/index.php\/quien-es-itxa\/","title":{"rendered":"Qui\u00e9n es Itxa"},"content":{"rendered":"\t\t<div data-elementor-type=\"wp-page\" data-elementor-id=\"648\" class=\"elementor elementor-648\">\n\t\t\t\t<div class=\"elementor-element elementor-element-066f588 e-con-full e-flex e-con e-parent\" data-id=\"066f588\" data-element_type=\"container\" data-e-type=\"container\" data-settings=\"{&quot;background_background&quot;:&quot;classic&quot;}\">\n\t\t<div class=\"elementor-element elementor-element-8d68e4f e-flex e-con-boxed e-con e-child\" data-id=\"8d68e4f\" data-element_type=\"container\" data-e-type=\"container\">\n\t\t\t\t\t<div class=\"e-con-inner\">\n\t\t\t\t<div class=\"elementor-element elementor-element-c1e2baf elementor-widget elementor-widget-spacer\" data-id=\"c1e2baf\" data-element_type=\"widget\" data-e-type=\"widget\" data-widget_type=\"spacer.default\">\n\t\t\t\t\t\t\t<div class=\"elementor-spacer\">\n\t\t\t<div class=\"elementor-spacer-inner\"><\/div>\n\t\t<\/div>\n\t\t\t\t\t\t<\/div>\n\t\t\t\t<div class=\"elementor-element elementor-element-8efb094 elementor-widget elementor-widget-heading\" data-id=\"8efb094\" data-element_type=\"widget\" data-e-type=\"widget\" data-widget_type=\"heading.default\">\n\t\t\t\t\t<h2 class=\"elementor-heading-title elementor-size-default\">\u00bfQui\u00e9n es Itxa?<\/h2>\t\t\t\t<\/div>\n\t\t\t\t<div class=\"elementor-element elementor-element-8ea2a43 elementor-widget__width-initial elementor-widget elementor-widget-text-editor\" data-id=\"8ea2a43\" data-element_type=\"widget\" data-e-type=\"widget\" data-widget_type=\"text-editor.default\">\n\t\t\t\t\t\t\t\t\t<p>Puedo contarte lo que hago, c\u00f3mo miro el mundo, o hablarte de las energ\u00edas c\u00f3smicas que me rigen&#8230;\u00a0<\/p>\t\t\t\t\t\t\t\t<\/div>\n\t\t<div class=\"elementor-element elementor-element-acaadaf e-grid e-con-full e-con e-child\" data-id=\"acaadaf\" data-element_type=\"container\" data-e-type=\"container\">\n\t\t\t\t<div class=\"elementor-element elementor-element-f4637eb elementor-widget elementor-widget-image\" data-id=\"f4637eb\" data-element_type=\"widget\" data-e-type=\"widget\" data-widget_type=\"image.default\">\n\t\t\t\t\t\t\t\t\t\t\t\t\t\t\t<img fetchpriority=\"high\" decoding=\"async\" width=\"1024\" height=\"683\" src=\"https:\/\/itxasoterceno.com\/wp-content\/uploads\/2026\/01\/F52C5F0A-FA8A-4577-97FF-C55C45C234DB-1024x683.jpg\" class=\"attachment-large size-large wp-image-980\" alt=\"\" srcset=\"https:\/\/itxasoterceno.com\/wp-content\/uploads\/2026\/01\/F52C5F0A-FA8A-4577-97FF-C55C45C234DB-1024x683.jpg 1024w, https:\/\/itxasoterceno.com\/wp-content\/uploads\/2026\/01\/F52C5F0A-FA8A-4577-97FF-C55C45C234DB-300x200.jpg 300w, https:\/\/itxasoterceno.com\/wp-content\/uploads\/2026\/01\/F52C5F0A-FA8A-4577-97FF-C55C45C234DB-768x512.jpg 768w, https:\/\/itxasoterceno.com\/wp-content\/uploads\/2026\/01\/F52C5F0A-FA8A-4577-97FF-C55C45C234DB.jpg 1536w\" sizes=\"(max-width: 1024px) 100vw, 1024px\" \/>\t\t\t\t\t\t\t\t\t\t\t\t\t\t\t<\/div>\n\t\t\t\t<div class=\"elementor-element elementor-element-91c5f41 elementor-widget elementor-widget-text-editor\" data-id=\"91c5f41\" data-element_type=\"widget\" data-e-type=\"widget\" data-widget_type=\"text-editor.default\">\n\t\t\t\t\t\t\t\t\t<p>Soy\u00a0<strong>trabajadora social<\/strong> desde hace casi dos d\u00e9cadas. Me dedico al \u00e1mbito de la <strong>exclusi\u00f3n social<\/strong> y -muy alineada con mi pasi\u00f3n de bucear en lo oculto- desde hace 9 a\u00f1os a realizar diagn\u00f3sticos sociales.<\/p><p>Estoy formada como especialista en Mediaci\u00f3n Familiar, en Programaci\u00f3n Neuro-Ling\u00fc\u00edstica, en Transgeneracional, <strong>mirada sist\u00e9mica<\/strong> aplicada para profesionales de ayuda, y acompa\u00f1amiento con mu\u00f1ecos.<\/p><p>Tengo <strong>vocaci\u00f3n -y herencia- de bruja<\/strong>, me encantan los or\u00e1culos, el mundo de las energ\u00edas y los mundos invisibles.<\/p><p><strong>Mi pasi\u00f3n siempre ha sido escribir,<\/strong> y los cuentos y relatos reflexivos han sido un ancla para mantenerme cuerda en los momentos m\u00e1s complicados de mi vida.<\/p>\t\t\t\t\t\t\t\t<\/div>\n\t\t\t\t<\/div>\n\t\t<div class=\"elementor-element elementor-element-7a596f3 e-grid e-con-full e-con e-child\" data-id=\"7a596f3\" data-element_type=\"container\" data-e-type=\"container\">\n\t\t\t\t<div class=\"elementor-element elementor-element-38a45c9 elementor-widget elementor-widget-image\" data-id=\"38a45c9\" data-element_type=\"widget\" data-e-type=\"widget\" data-widget_type=\"image.default\">\n\t\t\t\t\t\t\t\t\t\t\t\t\t\t\t<img decoding=\"async\" width=\"822\" height=\"1024\" src=\"https:\/\/itxasoterceno.com\/wp-content\/uploads\/2025\/11\/0119-scaled-e1762800342184-822x1024.jpg\" class=\"attachment-large size-large wp-image-597\" alt=\"\" srcset=\"https:\/\/itxasoterceno.com\/wp-content\/uploads\/2025\/11\/0119-scaled-e1762800342184-822x1024.jpg 822w, https:\/\/itxasoterceno.com\/wp-content\/uploads\/2025\/11\/0119-scaled-e1762800342184-241x300.jpg 241w, https:\/\/itxasoterceno.com\/wp-content\/uploads\/2025\/11\/0119-scaled-e1762800342184-768x957.jpg 768w, https:\/\/itxasoterceno.com\/wp-content\/uploads\/2025\/11\/0119-scaled-e1762800342184.jpg 1130w\" sizes=\"(max-width: 822px) 100vw, 822px\" \/>\t\t\t\t\t\t\t\t\t\t\t\t\t\t\t<\/div>\n\t\t\t\t<div class=\"elementor-element elementor-element-0e3ef3f elementor-widget elementor-widget-text-editor\" data-id=\"0e3ef3f\" data-element_type=\"widget\" data-e-type=\"widget\" data-widget_type=\"text-editor.default\">\n\t\t\t\t\t\t\t\t\t<p>Este a\u00f1o <strong>he publicado mi primer libro<\/strong>, <em>Cosas que escrib\u00ed mientras me dejaba el pelo largo<\/em>, un canto a la vida en todas sus circunstancias, a la resistencia y a la resiliencia del Alma, y al Amor en el sentido m\u00e1s espiritual.\u00a0<\/p><p>Est\u00e1 compuesto de relatos que he ido <strong>escribiendo en diferentes etapas vitales<\/strong>, <strong>que atestiguan un proceso de transformaci\u00f3n y trascendencia<\/strong>.<\/p><p>Sus textos invitan a la exploraci\u00f3n de las emociones, a nombrar lo que se calla, a gritar lo que ahoga, y a <strong>acariciar lo que no es tan suave pero es parte de ti.\u00a0<\/strong><\/p><p>Puede leerse como un relato o utilizarse como or\u00e1culo. <strong>Se puede leer en silencio, o dejar que te cante<\/strong> -porque s\u00ed, este libro tambi\u00e9n canta-.<\/p><p>Es una obra que<strong> sacude y tambi\u00e9n acuna<\/strong>, que susurra lo bonito y muestra lo inc\u00f3modo, y que honra profundamente los procesos, las experiencias y <strong>te invita a celebrarte por <i>todas <\/i>las que has sido, eres y ser\u00e1s.<\/strong>\u00a0<\/p>\t\t\t\t\t\t\t\t<\/div>\n\t\t\t\t<\/div>\n\t\t<div class=\"elementor-element elementor-element-2d06f91 e-con-full e-flex e-con e-child\" data-id=\"2d06f91\" data-element_type=\"container\" data-e-type=\"container\">\n\t\t<div class=\"elementor-element elementor-element-f3a1125 e-grid e-con-full e-con e-child\" data-id=\"f3a1125\" data-element_type=\"container\" data-e-type=\"container\">\n\t\t\t\t<div class=\"elementor-element elementor-element-34dae3f elementor-widget__width-initial elementor-widget elementor-widget-image\" data-id=\"34dae3f\" data-element_type=\"widget\" data-e-type=\"widget\" data-widget_type=\"image.default\">\n\t\t\t\t\t\t\t\t\t\t\t\t\t\t\t<img decoding=\"async\" width=\"1024\" height=\"644\" src=\"https:\/\/itxasoterceno.com\/wp-content\/uploads\/2025\/11\/IMG_20200409_143920_756-1024x644.jpg\" class=\"attachment-large size-large wp-image-595\" alt=\"\" srcset=\"https:\/\/itxasoterceno.com\/wp-content\/uploads\/2025\/11\/IMG_20200409_143920_756-1024x644.jpg 1024w, https:\/\/itxasoterceno.com\/wp-content\/uploads\/2025\/11\/IMG_20200409_143920_756-300x189.jpg 300w, https:\/\/itxasoterceno.com\/wp-content\/uploads\/2025\/11\/IMG_20200409_143920_756-768x483.jpg 768w, https:\/\/itxasoterceno.com\/wp-content\/uploads\/2025\/11\/IMG_20200409_143920_756-1536x966.jpg 1536w, https:\/\/itxasoterceno.com\/wp-content\/uploads\/2025\/11\/IMG_20200409_143920_756-2048x1288.jpg 2048w\" sizes=\"(max-width: 1024px) 100vw, 1024px\" \/>\t\t\t\t\t\t\t\t\t\t\t\t\t\t\t<\/div>\n\t\t\t\t<div class=\"elementor-element elementor-element-1c8f25b elementor-widget__width-initial elementor-widget elementor-widget-text-editor\" data-id=\"1c8f25b\" data-element_type=\"widget\" data-e-type=\"widget\" data-widget_type=\"text-editor.default\">\n\t\t\t\t\t\t\t\t\t<p>Tengo una personalidad muy <strong>observadora,<\/strong> analizo mucho las cosas y no me gusta quedarme en la superficie.<\/p><p>La <strong>intuici\u00f3n<\/strong>\u00a0y el\u00a0<strong>sentido del humor <\/strong>son cualidades que siempre me acompa\u00f1an.<\/p><p>Soy una apasionada de escudri\u00f1ar en <strong>las sombras<\/strong> de las situaciones y las personas. Las luces las identificamos con claridad, pero creo profundamente en que <strong>el verdadero regalo se oculta <\/strong>tras las tensiones y desaf\u00edos.\u00a0<\/p><p><strong>Muy mani\u00e1tica de mis espacios y mi calma<\/strong>, me gusta mucho estar sola, escuchar m\u00fasica y cantar, dibujar, o leer&#8230; Son espacios conmigo que me ayudan a mantenerme centrada, oxigenarme, y volver a conectar con mi naturaleza y mi instinto.\u00a0<\/p>\t\t\t\t\t\t\t\t<\/div>\n\t\t\t\t<\/div>\n\t\t\t\t<\/div>\n\t\t\t\t<div class=\"elementor-element elementor-element-82d7712 elementor-widget__width-initial elementor-widget elementor-widget-heading\" data-id=\"82d7712\" data-element_type=\"widget\" data-e-type=\"widget\" data-widget_type=\"heading.default\">\n\t\t\t\t\t<h2 class=\"elementor-heading-title elementor-size-default\">Si algo de esto te inspira, eres bienvenida. <br>Con Amor,<br>Itxa <img decoding=\"async\" role=\"img\" class=\"emoji\" alt=\"\ud83d\udc9c\" src=\"https:\/\/s.w.org\/images\/core\/emoji\/16.0.1\/svg\/1f49c.svg\"><\/h2>\t\t\t\t<\/div>\n\t\t\t\t\t<\/div>\n\t\t\t\t<\/div>\n\t\t\t\t<div class=\"elementor-element elementor-element-b384139 elementor-widget elementor-widget-spacer\" data-id=\"b384139\" data-element_type=\"widget\" data-e-type=\"widget\" data-widget_type=\"spacer.default\">\n\t\t\t\t\t\t\t<div class=\"elementor-spacer\">\n\t\t\t<div class=\"elementor-spacer-inner\"><\/div>\n\t\t<\/div>\n\t\t\t\t\t\t<\/div>\n\t\t\t\t<div class=\"elementor-element elementor-element-41ed97d elementor-shape-circle elementor-grid-0 e-grid-align-center elementor-widget elementor-widget-social-icons\" data-id=\"41ed97d\" data-element_type=\"widget\" data-e-type=\"widget\" data-widget_type=\"social-icons.default\">\n\t\t\t\t\t\t\t<div class=\"elementor-social-icons-wrapper elementor-grid\" role=\"list\">\n\t\t\t\t\t\t\t<span class=\"elementor-grid-item\" role=\"listitem\">\n\t\t\t\t\t<a class=\"elementor-icon elementor-social-icon elementor-social-icon-instagram elementor-repeater-item-44949d6\" href=\"https:\/\/www.instagram.com\/itxasoterceno\/\" target=\"_blank\">\n\t\t\t\t\t\t<span class=\"elementor-screen-only\">Instagram<\/span>\n\t\t\t\t\t\t<svg aria-hidden=\"true\" class=\"e-font-icon-svg e-fab-instagram\" viewBox=\"0 0 448 512\" xmlns=\"http:\/\/www.w3.org\/2000\/svg\"><path d=\"M224.1 141c-63.6 0-114.9 51.3-114.9 114.9s51.3 114.9 114.9 114.9S339 319.5 339 255.9 287.7 141 224.1 141zm0 189.6c-41.1 0-74.7-33.5-74.7-74.7s33.5-74.7 74.7-74.7 74.7 33.5 74.7 74.7-33.6 74.7-74.7 74.7zm146.4-194.3c0 14.9-12 26.8-26.8 26.8-14.9 0-26.8-12-26.8-26.8s12-26.8 26.8-26.8 26.8 12 26.8 26.8zm76.1 27.2c-1.7-35.9-9.9-67.7-36.2-93.9-26.2-26.2-58-34.4-93.9-36.2-37-2.1-147.9-2.1-184.9 0-35.8 1.7-67.6 9.9-93.9 36.1s-34.4 58-36.2 93.9c-2.1 37-2.1 147.9 0 184.9 1.7 35.9 9.9 67.7 36.2 93.9s58 34.4 93.9 36.2c37 2.1 147.9 2.1 184.9 0 35.9-1.7 67.7-9.9 93.9-36.2 26.2-26.2 34.4-58 36.2-93.9 2.1-37 2.1-147.8 0-184.8zM398.8 388c-7.8 19.6-22.9 34.7-42.6 42.6-29.5 11.7-99.5 9-132.1 9s-102.7 2.6-132.1-9c-19.6-7.8-34.7-22.9-42.6-42.6-11.7-29.5-9-99.5-9-132.1s-2.6-102.7 9-132.1c7.8-19.6 22.9-34.7 42.6-42.6 29.5-11.7 99.5-9 132.1-9s102.7-2.6 132.1 9c19.6 7.8 34.7 22.9 42.6 42.6 11.7 29.5 9 99.5 9 132.1s2.7 102.7-9 132.1z\"><\/path><\/svg>\t\t\t\t\t<\/a>\n\t\t\t\t<\/span>\n\t\t\t\t\t\t\t<span class=\"elementor-grid-item\" role=\"listitem\">\n\t\t\t\t\t<a class=\"elementor-icon elementor-social-icon elementor-social-icon-amazon elementor-repeater-item-ac33248\" href=\"https:\/\/www.amazon.es\/dp\/8409701049\" target=\"_blank\">\n\t\t\t\t\t\t<span class=\"elementor-screen-only\">Amazon<\/span>\n\t\t\t\t\t\t<svg aria-hidden=\"true\" class=\"e-font-icon-svg e-fab-amazon\" viewBox=\"0 0 448 512\" xmlns=\"http:\/\/www.w3.org\/2000\/svg\"><path d=\"M257.2 162.7c-48.7 1.8-169.5 15.5-169.5 117.5 0 109.5 138.3 114 183.5 43.2 6.5 10.2 35.4 37.5 45.3 46.8l56.8-56S341 288.9 341 261.4V114.3C341 89 316.5 32 228.7 32 140.7 32 94 87 94 136.3l73.5 6.8c16.3-49.5 54.2-49.5 54.2-49.5 40.7-.1 35.5 29.8 35.5 69.1zm0 86.8c0 80-84.2 68-84.2 17.2 0-47.2 50.5-56.7 84.2-57.8v40.6zm136 163.5c-7.7 10-70 67-174.5 67S34.2 408.5 9.7 379c-6.8-7.7 1-11.3 5.5-8.3C88.5 415.2 203 488.5 387.7 401c7.5-3.7 13.3 2 5.5 12zm39.8 2.2c-6.5 15.8-16 26.8-21.2 31-5.5 4.5-9.5 2.7-6.5-3.8s19.3-46.5 12.7-55c-6.5-8.3-37-4.3-48-3.2-10.8 1-13 2-14-.3-2.3-5.7 21.7-15.5 37.5-17.5 15.7-1.8 41-.8 46 5.7 3.7 5.1 0 27.1-6.5 43.1z\"><\/path><\/svg>\t\t\t\t\t<\/a>\n\t\t\t\t<\/span>\n\t\t\t\t\t\t\t<span class=\"elementor-grid-item\" role=\"listitem\">\n\t\t\t\t\t<a class=\"elementor-icon elementor-social-icon elementor-social-icon-youtube elementor-repeater-item-796c036\" href=\"https:\/\/www.youtube.com\/@itxasoterceno\" target=\"_blank\">\n\t\t\t\t\t\t<span class=\"elementor-screen-only\">Youtube<\/span>\n\t\t\t\t\t\t<svg aria-hidden=\"true\" class=\"e-font-icon-svg e-fab-youtube\" viewBox=\"0 0 576 512\" xmlns=\"http:\/\/www.w3.org\/2000\/svg\"><path d=\"M549.655 124.083c-6.281-23.65-24.787-42.276-48.284-48.597C458.781 64 288 64 288 64S117.22 64 74.629 75.486c-23.497 6.322-42.003 24.947-48.284 48.597-11.412 42.867-11.412 132.305-11.412 132.305s0 89.438 11.412 132.305c6.281 23.65 24.787 41.5 48.284 47.821C117.22 448 288 448 288 448s170.78 0 213.371-11.486c23.497-6.321 42.003-24.171 48.284-47.821 11.412-42.867 11.412-132.305 11.412-132.305s0-89.438-11.412-132.305zm-317.51 213.508V175.185l142.739 81.205-142.739 81.201z\"><\/path><\/svg>\t\t\t\t\t<\/a>\n\t\t\t\t<\/span>\n\t\t\t\t\t<\/div>\n\t\t\t\t\t\t<\/div>\n\t\t\t\t<\/div>\n\t\t\t\t<\/div>\n\t\t","protected":false},"excerpt":{"rendered":"<p>\u00bfQui\u00e9n es Itxa? Puedo contarte lo que hago, c\u00f3mo miro el mundo, o hablarte de las energ\u00edas c\u00f3smicas que me [&hellip;]<\/p>\n","protected":false},"author":1,"featured_media":0,"parent":0,"menu_order":0,"comment_status":"closed","ping_status":"closed","template":"","meta":{"site-sidebar-layout":"no-sidebar","site-content-layout":"","ast-site-content-layout":"full-width-container","site-content-style":"default","site-sidebar-style":"default","ast-global-header-display":"","ast-banner-title-visibility":"","ast-main-header-display":"","ast-hfb-above-header-display":"","ast-hfb-below-header-display":"","ast-hfb-mobile-header-display":"","site-post-title":"disabled","ast-breadcrumbs-content":"","ast-featured-img":"disabled","footer-sml-layout":"","theme-transparent-header-meta":"","adv-header-id-meta":"","stick-header-meta":"","header-above-stick-meta":"","header-main-stick-meta":"","header-below-stick-meta":"","astra-migrate-meta-layouts":"default","ast-page-background-enabled":"default","ast-page-background-meta":{"desktop":{"background-color":"var(--ast-global-color-5)","background-image":"","background-repeat":"repeat","background-position":"center center","background-size":"auto","background-attachment":"scroll","background-type":"","background-media":"","overlay-type":"","overlay-color":"","overlay-opacity":"","overlay-gradient":""},"tablet":{"background-color":"","background-image":"","background-repeat":"repeat","background-position":"center center","background-size":"auto","background-attachment":"scroll","background-type":"","background-media":"","overlay-type":"","overlay-color":"","overlay-opacity":"","overlay-gradient":""},"mobile":{"background-color":"","background-image":"","background-repeat":"repeat","background-position":"center center","background-size":"auto","background-attachment":"scroll","background-type":"","background-media":"","overlay-type":"","overlay-color":"","overlay-opacity":"","overlay-gradient":""}},"ast-content-background-meta":{"desktop":{"background-color":"var(--ast-global-color-4)","background-image":"","background-repeat":"repeat","background-position":"center center","background-size":"auto","background-attachment":"scroll","background-type":"","background-media":"","overlay-type":"","overlay-color":"","overlay-opacity":"","overlay-gradient":""},"tablet":{"background-color":"var(--ast-global-color-4)","background-image":"","background-repeat":"repeat","background-position":"center center","background-size":"auto","background-attachment":"scroll","background-type":"","background-media":"","overlay-type":"","overlay-color":"","overlay-opacity":"","overlay-gradient":""},"mobile":{"background-color":"var(--ast-global-color-4)","background-image":"","background-repeat":"repeat","background-position":"center center","background-size":"auto","background-attachment":"scroll","background-type":"","background-media":"","overlay-type":"","overlay-color":"","overlay-opacity":"","overlay-gradient":""}},"footnotes":""},"class_list":["post-648","page","type-page","status-publish","hentry"],"_links":{"self":[{"href":"https:\/\/itxasoterceno.com\/index.php\/wp-json\/wp\/v2\/pages\/648","targetHints":{"allow":["GET"]}}],"collection":[{"href":"https:\/\/itxasoterceno.com\/index.php\/wp-json\/wp\/v2\/pages"}],"about":[{"href":"https:\/\/itxasoterceno.com\/index.php\/wp-json\/wp\/v2\/types\/page"}],"author":[{"embeddable":true,"href":"https:\/\/itxasoterceno.com\/index.php\/wp-json\/wp\/v2\/users\/1"}],"replies":[{"embeddable":true,"href":"https:\/\/itxasoterceno.com\/index.php\/wp-json\/wp\/v2\/comments?post=648"}],"version-history":[{"count":43,"href":"https:\/\/itxasoterceno.com\/index.php\/wp-json\/wp\/v2\/pages\/648\/revisions"}],"predecessor-version":[{"id":1344,"href":"https:\/\/itxasoterceno.com\/index.php\/wp-json\/wp\/v2\/pages\/648\/revisions\/1344"}],"wp:attachment":[{"href":"https:\/\/itxasoterceno.com\/index.php\/wp-json\/wp\/v2\/media?parent=648"}],"curies":[{"name":"wp","href":"https:\/\/api.w.org\/{rel}","templated":true}]}}